{"id":3973,"date":"2024-10-14T15:02:23","date_gmt":"2024-10-14T13:02:23","guid":{"rendered":"https:\/\/luxury-motors.at\/despre-noi\/"},"modified":"2025-01-28T10:24:57","modified_gmt":"2025-01-28T09:24:57","slug":"despre-noi","status":"publish","type":"page","link":"https:\/\/luxury-motors.at\/ro\/despre-noi\/","title":{"rendered":"DESPRE NOI"},"content":{"rendered":"<p><div class=\"fusion-bg-parallax\" data-bg-align=\"right center\" data-direction=\"left\" data-mute=\"false\" data-opacity=\"100\" data-velocity=\"-0.3\" data-mobile-enabled=\"false\" data-break_parents=\"0\" data-bg-image=\"https:\/\/luxury-motors.at\/wp-content\/uploads\/2024\/10\/ueber-uns-01-1.jpg\" data-bg-repeat=\"false\" data-bg-color=\"var(--awb-color8)\" ><\/div><div class=\"fusion-fullwidth fullwidth-box fusion-builder-row-1 fusion-flex-container has-pattern-background has-mask-background fusion-parallax-left nonhundred-percent-fullwidth non-hundred-percent-height-scrolling lazyload\" style=\"--awb-background-position:right center;--awb-background-position-small:center center;--awb-border-color:var(--awb-color8);--awb-border-radius-top-left:0px;--awb-border-radius-top-right:0px;--awb-border-radius-bottom-right:0px;--awb-border-radius-bottom-left:0px;--awb-padding-top:0px;--awb-padding-bottom:0px;--awb-padding-top-medium:0px;--awb-padding-top-small:0px;--awb-background-color:var(--awb-color8);--awb-background-size:cover;--awb-flex-wrap:wrap;\" data-bg=\"https:\/\/luxury-motors.at\/wp-content\/uploads\/2024\/10\/ueber-uns-01-1.jpg\" ><div class=\"fusion-builder-row fusion-row fusion-flex-align-items-center fusion-flex-content-wrap\" style=\"max-width:1393.6px;margin-left: calc(-4% \/ 2 );margin-right: calc(-4% \/ 2 );\"><div class=\"fusion-layout-column fusion_builder_column fusion-builder-column-0 fusion-flex-column fusion-no-small-visibility fusion-no-medium-visibility\" style=\"--awb-padding-top:200px;--awb-bg-color:var(--awb-color4);--awb-bg-color-hover:var(--awb-color4);--awb-bg-size:cover;--awb-width-large:10%;--awb-margin-top-large:0px;--awb-spacing-right-large:19.2%;--awb-margin-bottom-large:0px;--awb-spacing-left-large:19.2%;--awb-width-medium:10%;--awb-order-medium:0;--awb-spacing-right-medium:19.2%;--awb-spacing-left-medium:19.2%;--awb-width-small:100%;--awb-order-small:0;--awb-spacing-right-small:1.92%;--awb-spacing-left-small:1.92%;\" data-scroll-devices=\"small-visibility,medium-visibility,large-visibility\"><div class=\"fusion-column-wrapper fusion-column-has-shadow fusion-flex-justify-content-flex-start fusion-content-layout-column\"><div class=\"fusion-separator fusion-full-width-sep\" style=\"align-self: flex-start;margin-right:auto;margin-top:70px;margin-bottom:30px;width:100%;\"><\/div><\/div><\/div><div class=\"fusion-layout-column fusion_builder_column fusion-builder-column-1 fusion_builder_column_1_2 1_2 fusion-flex-column\" style=\"--awb-padding-top:140px;--awb-padding-right:40px;--awb-padding-bottom:140px;--awb-padding-left:70px;--awb-padding-right-medium:40px;--awb-padding-left-medium:40px;--awb-bg-image:linear-gradient(270deg, rgba(32,35,37,0.9) 0%,rgba(32,35,37,0.3) 100%);--awb-bg-size:cover;--awb-border-color:var(--awb-color6);--awb-border-color-hover:var(--awb-color4);--awb-border-right:2px;--awb-border-style:solid;--awb-width-large:50%;--awb-margin-top-large:0px;--awb-spacing-right-large:3.84%;--awb-margin-bottom-large:0px;--awb-spacing-left-large:-70px;--awb-width-medium:83.333333333333%;--awb-order-medium:0;--awb-spacing-right-medium:0px;--awb-spacing-left-medium:0px;--awb-width-small:100%;--awb-order-small:0;--awb-spacing-right-small:0px;--awb-spacing-left-small:0px;\" data-scroll-devices=\"small-visibility,medium-visibility,large-visibility\"><div class=\"fusion-column-wrapper fusion-column-has-shadow fusion-flex-justify-content-flex-start fusion-content-layout-column\"><div class=\"fusion-title title fusion-title-1 fusion-sep-none fusion-title-text fusion-title-size-two fusion-animated\" style=\"--awb-text-color:var(--awb-color4);--awb-margin-top-small:10px;--awb-margin-right-small:0px;--awb-margin-bottom-small:10px;--awb-margin-left-small:0px;\" data-animationType=\"fadeIn\" data-animationDuration=\"0.5\" data-animationDelay=\"0.3\" data-animationOffset=\"top-into-view\"><h2 class=\"fusion-title-heading title-heading-left\" style=\"margin:0;\">Motoarele de lux &#8211; mai mult dec\u00e2t un stil de via\u021b\u0103<\/h2><\/div><div class=\"fusion-text fusion-text-1 fusion-animated\" style=\"--awb-text-color:var(--awb-color1);\" data-animationType=\"fadeIn\" data-animationDuration=\"0.5\" data-animationDelay=\"0.3\" data-animationOffset=\"top-into-view\"><p>Ceea ce a \u00eenceput ca o pasiune personal\u0103 s-a transformat \u00een timp \u00eentr-o companie respectat\u0103, care v\u0103 ofer\u0103 oportunitatea de a experimenta pe propria piele fascina\u021bia \u0219i emo\u021bia primei clase de pe \u0219osea. Fondatorul Luxury Motors, un iubitor de vehicule exclusiviste, \u0219i-a transformat hobby-ul \u00eentr-o profesie \u0219i \u0219i-a stabilit obiectivul de a face ca visele dvs. legate de automobile s\u0103 devin\u0103 realitate.<\/p>\n<p>La Luxury Motors, acord\u0103m o mare importan\u021b\u0103 calit\u0103\u021bii de prim\u0103 clas\u0103, serviciilor exclusive \u0219i asisten\u021bei personalizate. Fie c\u0103 dori\u021bi s\u0103 v\u0103 \u00eendeplini\u021bi visul de a conduce o ma\u0219in\u0103 sport excep\u021bional\u0103 sau s\u0103 \u00eenchiria\u021bi un vehicul de lux pentru o ocazie special\u0103, noi suntem exper\u021bii de partea dumneavoastr\u0103.<\/p>\n<\/div><\/div><\/div><\/div><\/div><div class=\"fusion-fullwidth fullwidth-box fusion-builder-row-2 fusion-flex-container has-pattern-background has-mask-background nonhundred-percent-fullwidth non-hundred-percent-height-scrolling\" style=\"--awb-border-radius-top-left:0px;--awb-border-radius-top-right:0px;--awb-border-radius-bottom-right:0px;--awb-border-radius-bottom-left:0px;--awb-padding-top:20px;--awb-background-color:var(--awb-color4);--awb-flex-wrap:wrap;\" ><div class=\"fusion-builder-row fusion-row fusion-flex-align-items-flex-start fusion-flex-content-wrap\" style=\"max-width:1393.6px;margin-left: calc(-4% \/ 2 );margin-right: calc(-4% \/ 2 );\"><div class=\"fusion-layout-column fusion_builder_column fusion-builder-column-2 fusion_builder_column_1_1 1_1 fusion-flex-column\" style=\"--awb-bg-size:cover;--awb-width-large:100%;--awb-margin-top-large:0px;--awb-spacing-right-large:1.92%;--awb-margin-bottom-large:20px;--awb-spacing-left-large:1.92%;--awb-width-medium:100%;--awb-order-medium:0;--awb-spacing-right-medium:1.92%;--awb-spacing-left-medium:1.92%;--awb-width-small:100%;--awb-order-small:0;--awb-spacing-right-small:1.92%;--awb-spacing-left-small:1.92%;\"><div class=\"fusion-column-wrapper fusion-column-has-shadow fusion-flex-justify-content-flex-start fusion-content-layout-column\"><div class=\"fusion-title title fusion-title-2 fusion-sep-none fusion-title-center fusion-title-text fusion-title-size-three fusion-animated\" style=\"--awb-text-color:var(--awb-color8);--awb-margin-top-small:10px;--awb-margin-right-small:0px;--awb-margin-bottom-small:10px;--awb-margin-left-small:0px;\" data-animationType=\"fadeIn\" data-animationDuration=\"0.5\" data-animationDelay=\"0.3\" data-animationOffset=\"top-into-view\"><h3 class=\"fusion-title-heading title-heading-center\" style=\"margin:0;\">&#8222;Pasiunea este motorul care face posibile experien\u021bele extraordinare.&#8221;<\/h3><\/div><\/div><\/div><\/div><\/div><div class=\"fusion-fullwidth fullwidth-box fusion-builder-row-3 fusion-flex-container has-pattern-background has-mask-background nonhundred-percent-fullwidth non-hundred-percent-height-scrolling\" style=\"--awb-border-radius-top-left:0px;--awb-border-radius-top-right:0px;--awb-border-radius-bottom-right:0px;--awb-border-radius-bottom-left:0px;--awb-padding-top:0px;--awb-padding-bottom:150px;--awb-padding-bottom-medium:70px;--awb-background-color:var(--awb-color8);--awb-flex-wrap:wrap;\" ><div class=\"awb-background-mask\" style=\"background-image:  url(data:image\/svg+xml;utf8,%3Csvg%20width%3D%221920%22%20height%3D%22954%22%20fill%3D%22none%22%20xmlns%3D%22http%3A%2F%2Fwww.w3.org%2F2000%2Fsvg%22%3E%3Cg%20clip-path%3D%22url%28%23prefix__clip0_58_766%29%22%20fill%3D%22rgba%2838%2C41%2C44%2C1%29%22%3E%3Cpath%20d%3D%22M1802.38%2073.292l-734.85%20424.264L1491.8%201232.4l734.84-424.262-424.26-734.846zM42.778-322.354L-169.354%2045.069l367.423%20212.132%20212.132-367.423L42.778-322.354zM649.936%20856.556l18.301-68.301%2068.302%2018.301-18.302%2068.301-68.301-18.301z%22%2F%3E%3C%2Fg%3E%3Cdefs%3E%3CclipPath%20id%3D%22prefix__clip0_58_766%22%3E%3Cpath%20fill%3D%22%23fff%22%20d%3D%22M0%200h1920v954H0z%22%2F%3E%3C%2FclipPath%3E%3C%2Fdefs%3E%3C%2Fsvg%3E);opacity: 1 ;transform: scale(-1, 1);mix-blend-mode:normal;\"><\/div><div class=\"fusion-builder-row fusion-row fusion-flex-align-items-flex-start fusion-flex-justify-content-center fusion-flex-content-wrap\" style=\"max-width:1393.6px;margin-left: calc(-4% \/ 2 );margin-right: calc(-4% \/ 2 );\"><div class=\"fusion-layout-column fusion_builder_column fusion-builder-column-3 fusion_builder_column_1_2 1_2 fusion-flex-column\" style=\"--awb-bg-size:cover;--awb-width-large:50%;--awb-margin-top-large:0px;--awb-spacing-right-large:3.84%;--awb-margin-bottom-large:20px;--awb-spacing-left-large:3.84%;--awb-width-medium:100%;--awb-order-medium:1;--awb-spacing-right-medium:1.92%;--awb-spacing-left-medium:1.92%;--awb-width-small:100%;--awb-order-small:1;--awb-spacing-right-small:1.92%;--awb-spacing-left-small:1.92%;\" data-scroll-devices=\"small-visibility,medium-visibility,large-visibility\"><div class=\"fusion-column-wrapper lazyload fusion-column-has-shadow fusion-flex-justify-content-flex-start fusion-content-layout-column fusion-empty-column-bg-image fusion-column-has-bg-image\" data-bg-url=\"https:\/\/luxury-motors.at\/wp-content\/uploads\/2024\/10\/ueber-uns-03.jpg\" data-bg=\"https:\/\/luxury-motors.at\/wp-content\/uploads\/2024\/10\/ueber-uns-03.jpg\"><img decoding=\"async\" class=\"fusion-empty-dims-img-placeholder\" aria-label=\"ueber-uns-03\" src=\"data:image\/svg+xml,%3Csvg%20xmlns%3D%27http%3A%2F%2Fwww.w3.org%2F2000%2Fsvg%27%20width%3D%271288%27%20height%3D%271600%27%20viewBox%3D%270%200%201288%201600%27%3E%3Crect%20width%3D%271288%27%20height%3D%271600%27%20fill-opacity%3D%220%22%2F%3E%3C%2Fsvg%3E\"><\/div><\/div><div class=\"fusion-layout-column fusion_builder_column fusion-builder-column-4 fusion_builder_column_2_5 2_5 fusion-flex-column fusion-flex-align-self-flex-end\" style=\"--awb-padding-top:70px;--awb-padding-bottom:40px;--awb-bg-size:cover;--awb-border-color:var(--awb-color6);--awb-border-color-hover:var(--awb-color4);--awb-border-bottom:2px;--awb-border-style:solid;--awb-width-large:40%;--awb-margin-top-large:0px;--awb-spacing-right-large:4.8%;--awb-margin-bottom-large:20px;--awb-spacing-left-large:4.8%;--awb-width-medium:100%;--awb-order-medium:0;--awb-spacing-right-medium:1.92%;--awb-margin-bottom-medium:50px;--awb-spacing-left-medium:1.92%;--awb-width-small:100%;--awb-order-small:0;--awb-spacing-right-small:1.92%;--awb-margin-bottom-small:50px;--awb-spacing-left-small:1.92%;\" data-scroll-devices=\"small-visibility,medium-visibility,large-visibility\"><div class=\"fusion-column-wrapper fusion-column-has-shadow fusion-flex-justify-content-flex-end fusion-content-layout-column\"><div class=\"fusion-title title fusion-title-3 fusion-sep-none fusion-title-text fusion-title-size-two fusion-animated\" style=\"--awb-text-color:var(--awb-color4);--awb-margin-top-small:10px;--awb-margin-right-small:0px;--awb-margin-bottom-small:10px;--awb-margin-left-small:0px;\" data-animationType=\"fadeIn\" data-animationDuration=\"0.5\" data-animationDelay=\"0.3\" data-animationOffset=\"top-into-view\"><h2 class=\"fusion-title-heading title-heading-left\" style=\"margin:0;\">Experimenta\u021bi o nou\u0103 experien\u021b\u0103 de condus<\/h2><\/div><div class=\"fusion-text fusion-text-2 fusion-animated\" style=\"--awb-text-color:var(--awb-color1);\" data-animationType=\"fadeIn\" data-animationDuration=\"0.5\" data-animationDelay=\"0.3\" data-animationOffset=\"top-into-view\"><p>Portofoliul nostru de vehicule include cele mai c\u0103utate \u0219i exclusive m\u0103rci din lume, de la Ferrari \u0219i Lamborghini la Rolls-Royce \u0219i Bentley. Fiecare dintre vehiculele noastre este atent selectat\u0103 \u0219i v\u0103 ofer\u0103 o experien\u021b\u0103 de conducere de neegalat. Combina\u021bia de design ultramodern, performan\u021be impresionante \u0219i echipamente de \u00eenalt\u0103 calitate asigur\u0103 c\u0103 timpul petrecut la volan va fi de neuitat.<\/p>\n<p>Dar noi oferim mai mult dec\u00e2t vehicule excep\u021bionale &#8211; v\u0103 oferim o experien\u021b\u0103. Echipa noastr\u0103 este format\u0103 din exper\u021bi pasiona\u021bi de automobile care v\u0103 \u00eemp\u0103rt\u0103\u0219esc entuziasmul pentru lux \u0219i performan\u021b\u0103. \u0218tim c\u0103 fiecare detaliu conteaz\u0103 \u0219i facem tot ce ne st\u0103 \u00een putin\u021b\u0103 nu doar pentru a v\u0103 \u00eendeplini a\u0219tept\u0103rile, ci \u0219i pentru a le dep\u0103\u0219i. De la consultarea ini\u021bial\u0103 p\u00e2n\u0103 la predarea vehiculului &#8211; serviciul nostru este personalizat, discret \u0219i adaptat cerin\u021belor dumneavoastr\u0103 individuale.<\/p>\n<p>V\u0103 oferim solu\u021bii flexibile care vi se potrivesc perfect, indiferent dac\u0103 dori\u021bi s\u0103 \u00eenchiria\u021bi sau s\u0103 exporta\u021bi un vehicul. Ofertele noastre personalizate v\u0103 asigur\u0103 c\u0103 ve\u021bi ob\u021bine exact ceea ce c\u0103uta\u021bi: o experien\u021b\u0103 de condus unic\u0103, care v\u0103 va \u00eenc\u00e2nta \u00een toate privin\u021bele.<\/p>\n<\/div><\/div><\/div><\/div><\/div><div class=\"fusion-fullwidth fullwidth-box fusion-builder-row-4 fusion-flex-container has-pattern-background has-mask-background fusion-parallax-none nonhundred-percent-fullwidth non-hundred-percent-height-scrolling lazyload\" style=\"--awb-background-position:right bottom;--awb-background-position-small:left top;--awb-border-color:var(--awb-color4);--awb-border-radius-top-left:0px;--awb-border-radius-top-right:0px;--awb-border-radius-bottom-right:0px;--awb-border-radius-bottom-left:0px;--awb-padding-top:200px;--awb-padding-bottom:200px;--awb-padding-top-medium:150px;--awb-padding-bottom-medium:150px;--awb-padding-top-small:100px;--awb-padding-bottom-small:100px;--awb-background-image:linear-gradient(180deg, rgba(32,35,37,0.5) 0%,rgba(32,35,37,0.5) 100%);;--awb-background-size:cover;--awb-flex-wrap:wrap;\" data-bg=\"https:\/\/luxury-motors.at\/wp-content\/uploads\/2024\/10\/ueber-uns-cta-02.jpg\" data-bg-gradient=\"linear-gradient(180deg, rgba(32,35,37,0.5) 0%,rgba(32,35,37,0.5) 100%)\" ><div class=\"fusion-builder-row fusion-row fusion-flex-align-items-flex-start fusion-flex-justify-content-flex-end fusion-flex-content-wrap\" style=\"max-width:1393.6px;margin-left: calc(-4% \/ 2 );margin-right: calc(-4% \/ 2 );\"><div class=\"fusion-layout-column fusion_builder_column fusion-builder-column-5 fusion_builder_column_1_6 1_6 fusion-flex-column\" style=\"--awb-padding-top:180px;--awb-padding-bottom:180px;--awb-bg-color:#202325;--awb-bg-color-hover:#202325;--awb-bg-size:cover;--awb-width-large:16.666666666667%;--awb-margin-top-large:0px;--awb-spacing-right-large:11.52%;--awb-margin-bottom-large:20px;--awb-spacing-left-large:11.52%;--awb-width-medium:16.666666666667%;--awb-order-medium:0;--awb-spacing-right-medium:11.52%;--awb-spacing-left-medium:11.52%;--awb-width-small:25%;--awb-order-small:0;--awb-spacing-right-small:7.68%;--awb-spacing-left-small:7.68%;\" data-scroll-devices=\"small-visibility,medium-visibility,large-visibility\"><div class=\"fusion-column-wrapper fusion-column-has-shadow fusion-flex-justify-content-flex-start fusion-content-layout-column\"><\/div><\/div><div class=\"fusion-layout-column fusion_builder_column fusion-builder-column-6 fusion_builder_column_2_5 2_5 fusion-flex-column fusion-flex-align-self-stretch\" style=\"--awb-bg-size:cover;--awb-width-large:40%;--awb-margin-top-large:0px;--awb-spacing-right-large:4.8%;--awb-margin-bottom-large:20px;--awb-spacing-left-large:-120px;--awb-width-medium:40%;--awb-order-medium:0;--awb-spacing-right-medium:4.8%;--awb-spacing-left-medium:-90px;--awb-width-small:75%;--awb-order-small:0;--awb-spacing-right-small:2.56%;--awb-spacing-left-small:-30px;\" data-scroll-devices=\"small-visibility,medium-visibility,large-visibility\"><div class=\"fusion-column-wrapper fusion-column-has-shadow fusion-flex-justify-content-center fusion-content-layout-column\"><div class=\"fusion-title title fusion-title-4 fusion-sep-none fusion-title-text fusion-title-size-two\" style=\"--awb-text-color:var(--awb-color1);--awb-margin-top-small:10px;--awb-margin-right-small:0px;--awb-margin-bottom-small:10px;--awb-margin-left-small:0px;\"><h2 class=\"fusion-title-heading title-heading-left\" style=\"margin:0;\">F\u0103-\u021bi visele auto s\u0103 devin\u0103 realitate!<\/h2><\/div><div class=\"fusion-text fusion-text-3\" style=\"--awb-text-color:var(--awb-color1);\"><p>Informa\u021bi-v\u0103 ast\u0103zi despre ma\u0219ina visurilor dumneavoastr\u0103 \u0219i experimenta\u021bi drumul \u00eentr-un mod nou.<\/p>\n<\/div><div style=\"text-align:center;\"><a class=\"fusion-button button-flat fusion-button-default-size button-default fusion-button-default button-1 fusion-button-default-span fusion-button-default-type\" target=\"_self\" href=\"https:\/\/luxury-motors.at\/ro\/contact\/\"><span class=\"fusion-button-text awb-button__text awb-button__text--default\">\u00cenchiria\u021bi ma\u0219ina visurilor dvs.<\/span><\/a><\/div><\/div><\/div><\/div><\/div><\/p>\n","protected":false},"excerpt":{"rendered":"","protected":false},"author":1,"featured_media":0,"parent":0,"menu_order":0,"comment_status":"closed","ping_status":"closed","template":"100-width.php","meta":{"_acf_changed":false,"footnotes":""},"class_list":["post-3973","page","type-page","status-publish","hentry"],"acf":[],"_links":{"self":[{"href":"https:\/\/luxury-motors.at\/ro\/wp-json\/wp\/v2\/pages\/3973","targetHints":{"allow":["GET"]}}],"collection":[{"href":"https:\/\/luxury-motors.at\/ro\/wp-json\/wp\/v2\/pages"}],"about":[{"href":"https:\/\/luxury-motors.at\/ro\/wp-json\/wp\/v2\/types\/page"}],"author":[{"embeddable":true,"href":"https:\/\/luxury-motors.at\/ro\/wp-json\/wp\/v2\/users\/1"}],"replies":[{"embeddable":true,"href":"https:\/\/luxury-motors.at\/ro\/wp-json\/wp\/v2\/comments?post=3973"}],"version-history":[{"count":5,"href":"https:\/\/luxury-motors.at\/ro\/wp-json\/wp\/v2\/pages\/3973\/revisions"}],"predecessor-version":[{"id":4012,"href":"https:\/\/luxury-motors.at\/ro\/wp-json\/wp\/v2\/pages\/3973\/revisions\/4012"}],"wp:attachment":[{"href":"https:\/\/luxury-motors.at\/ro\/wp-json\/wp\/v2\/media?parent=3973"}],"curies":[{"name":"wp","href":"https:\/\/api.w.org\/{rel}","templated":true}]}}